{"id":679,"date":"2018-12-07T17:41:01","date_gmt":"2018-12-07T16:41:01","guid":{"rendered":"http:\/\/kulturforum-kriftel.de\/?page_id=679"},"modified":"2025-09-11T12:59:41","modified_gmt":"2025-09-11T10:59:41","slug":"angebote-im-kulturforum-kriftel","status":"publish","type":"page","link":"https:\/\/winkler-grafixx.de\/?page_id=679","title":{"rendered":"Angebote im Kulturforum"},"content":{"rendered":"<div class=\"magee-shortcode magee-promo-box  promo_box-g130m5 boxed\" id=\"\">\r\n                                        <div class=\"promo-info\">\r\n                                            <span style=\"font-size: 20px;\"><strong>Familien<span style=\"color: #00b300;\">k]<\/span>ultour<\/strong> ist eine Veranstaltungsreihe des Kulturforums, die sich an alle Familien richtet, die gerne mit ihren Kindern etwas unternehmen.<\/span>\r\n                                        <\/div>\t\t\t\t\t\t\t\t\r\n                                        <div class=\"promo-action promo-action-3lb24y\">\r\n                                            <a href=\"#\" class=\"btn-normal btn-lg\">F\u00fcr Familien \u2026<\/a>\r\n                                        <\/div>\r\n                                    <\/div>\n<p><span style=\"font-size: 16px;\">Ist es Ihnen nicht auch schon einmal so gegangen \u2013 ein freies Wochenende und <strong>Lust auf einen Familienausflug<\/strong>, aber was k\u00f6nnte man unternehmen und mit wem? Vielleicht haben wir auf diese Fragen ein paar Antworten und k\u00f6nnen in der Gemeinschaft mit anderen Familien einige sch\u00f6ne Stunden verbringen. <strong>Wir freuen uns auf Sie!<\/strong><\/span><\/p>\n<p><span style=\"font-size: 16px;\">Information unter <a href=\"mailto:familienkultour@kulturforum-kriftel.de\">familienkultour@kulturforum-kriftel.de<\/a><\/span><\/p>\n<hr \/>\n<h4><div class=\"magee-shortcode magee-promo-box  promo_box-47fk3p boxed\" id=\"\">\r\n                                        <div class=\"promo-info\">\r\n                                            <strong>Seniorenwanderungen, Spazierg\u00e4nge, Ausfl\u00fcge und Halbtagesfahrten<span style=\"font-size: 20px;\">.<\/span><\/strong>\r\n                                        <\/div>\t\t\t\t\t\t\t\t\r\n                                        <div class=\"promo-action promo-action-j24qlu\">\r\n                                            <a href=\"#\" class=\"btn-normal btn-lg\">F\u00fcr Senioren \u2026<\/a>\r\n                                        <\/div>\r\n                                    <\/div><\/h4>\n<p><span style=\"font-size: 18px;\">Genaue Daten, Treffpunkte und\/oder Abfahrtzeiten f\u00fcr unsere Ausfl\u00fcge stehen stets 14 Tage und noch einmal eine Woche vor dem jeweiligen Termin in den Krifteler Nachrichten, dem H\u00f6chster Kreisblatt und der Frankfurter Rundschau.<\/span><\/p>\n<p><span style=\"font-size: 18px;\">Bitte beachten Sie hierzu auch diese Website unter <a href=\"https:\/\/kulturforum-kriftel.de\/aktuelles\/\">A<strong>k]<\/strong>tuelle<\/a><strong><a href=\"https:\/\/kulturforum-kriftel.de\/aktuelles\/\">s<\/a><\/strong>!<\/span><\/p>\n<div class=\"page\" title=\"Page 15\">\n<div class=\"layoutArea\">\n<div class=\"column\">\n<div class=\"page\" title=\"Page 15\">\n<div class=\"layoutArea\">\n<div class=\"column\">\n<p><span style=\"font-size: 18px;\">Informationen bei Gerlinde Sittig, Tel. 06192 42554<\/span><\/p>\n<\/div>\n<\/div>\n<\/div>\n<\/div>\n<\/div>\n<\/div>\n<hr \/>\n<h4><div class=\"magee-shortcode magee-promo-box  promo_box-a3gtsl\" id=\"\">\r\n                                        <div class=\"promo-info\">\r\n                                            <strong>\u00dcber 400 Spiele warten auf Sie!<\/strong>\r\n                                        <\/div>\t\t\t\t\t\t\t\t\r\n                                        <div class=\"promo-action promo-action-4765om\">\r\n                                            <a href=\"#\" class=\"btn-normal btn-lg\">F\u00fcr Spielfreunde \u2026<\/a>\r\n                                        <\/div>\r\n                                    <\/div><\/h4>\n<p><span style=\"font-size: 20px;\">Kartenspiele, Brettspiele, Ratespiele, neue und traditionelle Gesellschaftsspiele und vieles mehr<strong><br \/>\nSpielen Sie mit!\u00a0freitags, alle 14 Tage von 15.00 \u2013 17.00 Uhr<\/strong><\/span><br \/>\n<span style=\"font-size: 20px;\">Saal der\u00a0Gemeindeb\u00fccherei im Bahnhof Kriftel<\/span><br \/>\n<span style=\"font-size: 20px;\">Damit es nicht zu trocken wird, gibt es Kaffee und Mineralwasser!<\/span><\/p>\n<p><strong><span style=\"font-size: large;\"><span style=\"color: #000000;\"><span style=\"caret-color: #000000;\">Kommen<\/span>\u00a0Sie gerne\u00a0<\/span><\/span><span style=\"color: #000000; font-size: large;\"><span style=\"caret-color: #000000;\">vorbei!<\/span><\/span><\/strong><\/p>\n<hr \/>\n<div class=\"magee-shortcode magee-promo-box  promo_box-vxnr31 boxed\" id=\"\">\r\n                                        <div class=\"promo-info\">\r\n                                            <span style=\"font-size: 20px;\">Das Kulturforum bietet in unregelm\u00e4\u00dfigen Abst\u00e4nden eine <span style=\"color: #00b300;\"><strong>F\u00fchrung durch ein Museum oder eine Ausstellung<\/strong><\/span> \u2013 meistens in Frankfurt am Main \u2013 an.<\/span>\r\n                                        <\/div>\t\t\t\t\t\t\t\t\r\n                                        <div class=\"promo-action promo-action-iukcab\">\r\n                                            <a href=\"#\" class=\"btn-normal btn-lg\">F\u00fcr die sch\u00f6nen K\u00fcnste \u2026<\/a>\r\n                                        <\/div>\r\n                                    <\/div>\n<p><span style=\"font-size: 16px;\">Wir nehmen Sie mit in die gro\u00dfen begehrten Sonderausstellungen <strong>zu bevorzugten Bedingungen<\/strong> (kein Schlangestehen und mit hervorragenden F\u00fchrungen), aber wir lernen auch die nicht so bekannten kleineren Museen und deren Sch\u00e4tze kennen. Die Kosten f\u00fcr die F\u00fchrung durch eine Fachkraft \u00fcbernimmt dabei das Kulturforum, der \u2013 oft erm\u00e4\u00dfigte \u2013 Eintritt und der S-Bahnfahrpreis (in der Regel Gruppenfahrkarte) werden von den Teilnehmern entrichtet. <strong>G\u00fcnstiger geht\u2019s nicht!<\/strong><\/span><\/p>\n","protected":false},"excerpt":{"rendered":"<p>Ist es Ihnen nicht auch schon einmal so gegangen \u2013 ein freies Wochenende und Lust auf einen Familienausflug, aber was k\u00f6nnte man unternehmen und mit wem? Vielleicht haben wir auf diese Fragen ein paar Antworten und k\u00f6nnen in der Gemeinschaft mit anderen Familien einige sch\u00f6ne Stunden verbringen. Wir freuen uns auf Sie! Information unter familienkultour@kulturforum-kriftel.de Genaue Daten, Treffpunkte und\/oder Abfahrtzeiten f\u00fcr unsere Ausfl\u00fcge stehen stets 14 Tage und noch einmal eine Woche vor dem jeweiligen Termin in den Krifteler Nachrichten, dem H\u00f6chster Kreisblatt und der Frankfurter Rundschau. Bitte beachten Sie hierzu auch diese Website unter Ak]tuelles! Informationen bei Gerlinde Sittig, Tel. 06192 42554 Kartenspiele, Brettspiele, Ratespiele, neue und traditionelle Gesellschaftsspiele und vieles mehr Spielen Sie mit!\u00a0freitags, alle 14 Tage von 15.00 \u2013 17.00 Uhr Saal der\u00a0Gemeindeb\u00fccherei im Bahnhof Kriftel Damit es nicht zu trocken wird, gibt es Kaffee und Mineralwasser! Kommen\u00a0Sie gerne\u00a0vorbei! Wir nehmen Sie mit in die gro\u00dfen begehrten Sonderausstellungen zu bevorzugten Bedingungen (kein Schlangestehen und mit hervorragenden F\u00fchrungen), aber wir lernen auch die nicht so bekannten kleineren Museen und deren Sch\u00e4tze kennen. Die Kosten f\u00fcr die F\u00fchrung durch eine Fachkraft \u00fcbernimmt dabei das Kulturforum, der \u2013 oft erm\u00e4\u00dfigte \u2013 Eintritt und der S-Bahnfahrpreis (in der Regel Gruppenfahrkarte) werden von den Teilnehmern entrichtet. G\u00fcnstiger geht\u2019s nicht!<\/p>\n","protected":false},"author":1,"featured_media":0,"parent":0,"menu_order":0,"comment_status":"closed","ping_status":"closed","template":"","meta":{"footnotes":""},"class_list":["post-679","page","type-page","status-publish","hentry"],"_links":{"self":[{"href":"https:\/\/winkler-grafixx.de\/index.php?rest_route=\/wp\/v2\/pages\/679","targetHints":{"allow":["GET"]}}],"collection":[{"href":"https:\/\/winkler-grafixx.de\/index.php?rest_route=\/wp\/v2\/pages"}],"about":[{"href":"https:\/\/winkler-grafixx.de\/index.php?rest_route=\/wp\/v2\/types\/page"}],"author":[{"embeddable":true,"href":"https:\/\/winkler-grafixx.de\/index.php?rest_route=\/wp\/v2\/users\/1"}],"replies":[{"embeddable":true,"href":"https:\/\/winkler-grafixx.de\/index.php?rest_route=%2Fwp%2Fv2%2Fcomments&post=679"}],"version-history":[{"count":2,"href":"https:\/\/winkler-grafixx.de\/index.php?rest_route=\/wp\/v2\/pages\/679\/revisions"}],"predecessor-version":[{"id":5201,"href":"https:\/\/winkler-grafixx.de\/index.php?rest_route=\/wp\/v2\/pages\/679\/revisions\/5201"}],"wp:attachment":[{"href":"https:\/\/winkler-grafixx.de\/index.php?rest_route=%2Fwp%2Fv2%2Fmedia&parent=679"}],"curies":[{"name":"wp","href":"https:\/\/api.w.org\/{rel}","templated":true}]}}