{"id":4814,"date":"2018-12-03T17:06:52","date_gmt":"2018-12-03T16:06:52","guid":{"rendered":"http:\/\/kulturforum-kriftel.de\/?page_id=294"},"modified":"2025-08-19T12:47:04","modified_gmt":"2025-08-19T10:47:04","slug":"kindertheater","status":"publish","type":"page","link":"https:\/\/winkler-grafixx.de\/?page_id=4814","title":{"rendered":"Kindertheater"},"content":{"rendered":"<div class=\"page\" title=\"Page 13\">\n<div class=\"layoutArea\">\n<div class=\"column\">\n<h3><div class=\" panel-3a7sc9 magee-shortcode panel magee-panel\" id=\"\">\r\n                                        <div class=\"panel-heading\">\r\n                                            <h3 class=\"panel-title\">Kindertheater<\/h3>\r\n                                        <\/div>\r\n                                        <div class=\"panel-body\">\r\n                                            Elke Busch-Schwalm, Tel. 0152 53808900<br \/>\n<a href=\"mailto:kindertheater@kulturforum-kriftel.de\">kindertheater@kulturforum-kriftel.de<\/a>\r\n                                        <\/div>\r\n                                    <\/div><\/h3>\n<\/div>\n<\/div>\n<\/div>\n<p><img decoding=\"async\" class=\"alignleft size-medium wp-image-4360 lazyload\" data-src=\"http:\/\/winkler-grafixx.de\/wp-content\/uploads\/2024\/09\/Kithea-Clown-300x93.png\" alt=\"\" width=\"300\" height=\"93\" data-srcset=\"https:\/\/winkler-grafixx.de\/wp-content\/uploads\/2024\/09\/Kithea-Clown-300x93.png 300w, https:\/\/winkler-grafixx.de\/wp-content\/uploads\/2024\/09\/Kithea-Clown-768x237.png 768w, https:\/\/winkler-grafixx.de\/wp-content\/uploads\/2024\/09\/Kithea-Clown.png 881w\" data-sizes=\"(max-width: 300px) 100vw, 300px\" src=\"data:image\/svg+xml;base64,PHN2ZyB3aWR0aD0iMSIgaGVpZ2h0PSIxIiB4bWxucz0iaHR0cDovL3d3dy53My5vcmcvMjAwMC9zdmciPjwvc3ZnPg==\" style=\"--smush-placeholder-width: 300px; --smush-placeholder-aspect-ratio: 300\/93;\" \/><div class=\" divider magee-divider magee-shortcode divider-rnxema divider-border\" id=\"\"><div class=\"divider-inner divider-border\"><\/div><\/div>\n<h4><strong>\u201ePumuckl zieht das gro\u00dfe Los\u201d*<\/strong><\/h4>\n<p>F\u00fcr Kinder ab 3 Jahren<\/p>\n<p>Pumuckl \u00fcberredet Meister Eder, bei einem Preisausschreiben mitzumachen und tats\u00e4chlich gewinnt Meister Eder die Schiffsreise. Pumuckl kann sein Gl\u00fcck kaum fassen. Wird Pumuckl vielleicht endlich andere Kobolde oder sogar die ber\u00fchmten Klabauter auf dem Schiff treffen? Noch ahnt er nicht, dass es sich bei diesem Losgl\u00fcck um eine Falle handelt: Der gro\u00dfe blaue Klabauter und seine kleinen Klabautergehilfen wollen Pumuckl zur\u00fcck ins Meer holen. An Deck des Urlaubsdampfers freundet sich Pumuckl mit einem der kleinen Klabauter an. Aber auf See will er nur bleiben, wenn Meister Eder mitkommt. Pumuckl muss sich entscheiden, Klabauterleben oder die Freundschaft zu Meister Eder.<\/p>\n<p>Theater KnuTh, Holzheim<\/p>\n<p><strong>Mittwoch, 24.\u2008September 2025<\/strong> \u2013 15.30 Uhr<br \/>\nRat- und B\u00fcrgerhaus Kriftel [Frankfurter Stra\u00dfe 33-37]\n<hr \/>\n<h4><strong>\u201eDie Weihnachtsgeschichte\u201d<\/strong><\/h4>\n<p>F\u00fcr Kinder ab 4 Jahren<\/p>\n<p>In einer bezaubernden Auff\u00fchrung aus \u201eKekse backen und Weihnachtsgeschichte erz\u00e4hlen\u201c n\u00e4hert sich Maren Kaun als B\u00e4ckerin dem bevorstehenden Weihnachtsfest. Sie formt aus Teig Sch\u00e4fer und Schafe, l\u00e4sst die K\u00f6nige Kaspar, Melchior und Balthasar Richtung Bethlehem fliegen, erweckt mit ihrem Gesang wieder alte Adventslieder und schafft in ihrem nostalgisch-winzigen Backst\u00fcbchen einen wohltuenden Gegensatz zur Hektik in der vorweihnachtlichen Wirklichkeit. <em>Wie in den vergangenen Jahren ist die Theaterauff\u00fchrung f\u00fcr Sie und Ihre Kinder kostenfrei! Umso mehr w\u00fcrden wir uns \u00fcber eine Spende f\u00fcr das Kinderhospiz \u201eB\u00e4renherz\u201d in Wiesbaden freuen.<\/em><\/p>\n<p><strong>Sonntag, 30. November 2025<\/strong> (1. Advent) \u2013 15.30 Uhr<br \/>\nEvangelisches Gemeindehaus Kriftel [Immanuel-Kant-Stra\u00dfe 10]\n<h4><strong>Vorverkauf<\/strong><\/h4>\n<p>Karten k\u00f6nnen unter <a href=\"mailto:kindertheater@kulturforum-kriftel.de\">kindertheater@kulturforum-kriftel.de<\/a> reserviert werden.<\/p>\n<p>Abholung der reservierten Karten ab 14.30 Uhr an der Tageskasse.<\/p>\n<p><em>Kartenpreis: \u20ac 5,\u2013 (Kind)\/\u20ac 6,\u2013 (Erwachsener)<\/em><\/p>\n<div class=\"page\" title=\"Page 13\">\n<div class=\"layoutArea\">\n<div class=\"column\">\n<h3><div class=\" divider magee-divider magee-shortcode divider-csqu5u divider-border\" id=\"\"><div class=\"divider-inner divider-border\"><\/div><\/div><\/h3>\n<\/div>\n<\/div>\n<\/div>\n","protected":false},"excerpt":{"rendered":"<p>\u201ePumuckl zieht das gro\u00dfe Los\u201d* F\u00fcr Kinder ab 3 Jahren Pumuckl \u00fcberredet Meister Eder, bei einem Preisausschreiben mitzumachen und tats\u00e4chlich gewinnt Meister Eder die Schiffsreise. Pumuckl kann sein Gl\u00fcck kaum fassen. Wird Pumuckl vielleicht endlich andere Kobolde oder sogar die ber\u00fchmten Klabauter auf dem Schiff treffen? Noch ahnt er nicht, dass es sich bei diesem Losgl\u00fcck um eine Falle handelt: Der gro\u00dfe blaue Klabauter und seine kleinen Klabautergehilfen wollen Pumuckl zur\u00fcck ins Meer holen. An Deck des Urlaubsdampfers freundet sich Pumuckl mit einem der kleinen Klabauter an. Aber auf See will er nur bleiben, wenn Meister Eder mitkommt. Pumuckl muss sich entscheiden, Klabauterleben oder die Freundschaft zu Meister Eder. Theater KnuTh, Holzheim Mittwoch, 24.\u2008September 2025 \u2013 15.30 Uhr Rat- und B\u00fcrgerhaus Kriftel [Frankfurter Stra\u00dfe 33-37] \u201eDie Weihnachtsgeschichte\u201d F\u00fcr Kinder ab 4 Jahren In einer bezaubernden Auff\u00fchrung aus \u201eKekse backen und Weihnachtsgeschichte erz\u00e4hlen\u201c n\u00e4hert sich Maren Kaun als B\u00e4ckerin dem bevorstehenden Weihnachtsfest. Sie formt aus Teig Sch\u00e4fer und Schafe, l\u00e4sst die K\u00f6nige Kaspar, Melchior und Balthasar Richtung Bethlehem fliegen, erweckt mit ihrem Gesang wieder alte Adventslieder und schafft in ihrem nostalgisch-winzigen Backst\u00fcbchen einen wohltuenden Gegensatz zur Hektik in der vorweihnachtlichen Wirklichkeit. Wie in den vergangenen Jahren ist die Theaterauff\u00fchrung f\u00fcr Sie und Ihre Kinder kostenfrei! Umso mehr w\u00fcrden wir uns \u00fcber eine Spende f\u00fcr das Kinderhospiz \u201eB\u00e4renherz\u201d in Wiesbaden freuen. Sonntag, 30. November 2025 (1. Advent) \u2013 15.30 Uhr Evangelisches Gemeindehaus Kriftel [Immanuel-Kant-Stra\u00dfe 10] Vorverkauf Karten k\u00f6nnen unter kindertheater@kulturforum-kriftel.de reserviert werden. Abholung der reservierten Karten ab 14.30 Uhr an der Tageskasse. Kartenpreis: \u20ac 5,\u2013 (Kind)\/\u20ac 6,\u2013 (Erwachsener)<\/p>\n","protected":false},"author":1,"featured_media":0,"parent":0,"menu_order":0,"comment_status":"closed","ping_status":"closed","template":"","meta":{"footnotes":""},"class_list":["post-4814","page","type-page","status-publish","hentry"],"_links":{"self":[{"href":"https:\/\/winkler-grafixx.de\/index.php?rest_route=\/wp\/v2\/pages\/4814","targetHints":{"allow":["GET"]}}],"collection":[{"href":"https:\/\/winkler-grafixx.de\/index.php?rest_route=\/wp\/v2\/pages"}],"about":[{"href":"https:\/\/winkler-grafixx.de\/index.php?rest_route=\/wp\/v2\/types\/page"}],"author":[{"embeddable":true,"href":"https:\/\/winkler-grafixx.de\/index.php?rest_route=\/wp\/v2\/users\/1"}],"replies":[{"embeddable":true,"href":"https:\/\/winkler-grafixx.de\/index.php?rest_route=%2Fwp%2Fv2%2Fcomments&post=4814"}],"version-history":[{"count":3,"href":"https:\/\/winkler-grafixx.de\/index.php?rest_route=\/wp\/v2\/pages\/4814\/revisions"}],"predecessor-version":[{"id":5143,"href":"https:\/\/winkler-grafixx.de\/index.php?rest_route=\/wp\/v2\/pages\/4814\/revisions\/5143"}],"wp:attachment":[{"href":"https:\/\/winkler-grafixx.de\/index.php?rest_route=%2Fwp%2Fv2%2Fmedia&parent=4814"}],"curies":[{"name":"wp","href":"https:\/\/api.w.org\/{rel}","templated":true}]}}