{"id":4480,"date":"2024-11-07T18:32:15","date_gmt":"2024-11-07T17:32:15","guid":{"rendered":"https:\/\/kulturforum-kriftel.de\/?page_id=4480"},"modified":"2025-09-03T14:24:28","modified_gmt":"2025-09-03T12:24:28","slug":"onleihe-etc","status":"publish","type":"page","link":"https:\/\/winkler-grafixx.de\/?page_id=4480","title":{"rendered":"<b>Onleihe etc.<\/b>"},"content":{"rendered":"<p><span style=\"font-size: 18px;\">\u00dcber die Gemeindeb\u00fccherei k\u00f6nnen Sie neben der Onleihe<strong> auch folgende Angebote kostenfrei nutzen<\/strong>:<\/span><\/p>\n<p><span style=\"font-size: 18px;\"><div class=\"magee-shortcode magee-promo-box  promo_box-gqvsot boxed\" id=\"\">\r\n                                        <div class=\"promo-info\">\r\n                                            <\/span><\/p>\n<p class=\"gt-h1\"><span style=\"font-size: 24px; color: #ffc700;\"><strong>Der Bilderbuchservice f\u00fcr die Kita, Vorschule und Bibliotheken.<\/strong><\/span><\/p>\n<p><span style=\"font-size: 18px;\">\r\n                                        <\/div>\t\t\t\t\t\t\t\t\r\n                                        <div class=\"promo-action promo-action-jgnxxt\">\r\n                                            <a href=\"https:\/\/auth.ilteducation.de\/v1\/authorize?response_type=code&#038;scope=openid+profile&#038;client_id=b7f965cb00f549b3ab30&#038;redirect_uri=https%3A%2F%2Fapp.ilteducation.de%2Flogin%3Fredirect%3D%252F%253F&#038;code_challenge=aHVuWwKVXxtYDm7QKr9FoNh_BBB-EwqfomPfZ3OxP8k&#038;code_challenge_method=S256\" class=\"btn-normal btn-lg\">Polylino<\/a>\r\n                                        <\/div>\r\n                                    <\/div><\/span><\/p>\n<p><span style=\"font-size: 18px;\"><a href=\"https:\/\/auth.ilteducation.de\/v1\/authorize?response_type=code&amp;scope=openid+profile&amp;client_id=b7f965cb00f549b3ab30&amp;redirect_uri=https%3A%2F%2Fapp.ilteducation.de%2Flogin%3Fredirect%3D%252F%253F&amp;code_challenge=aHVuWwKVXxtYDm7QKr9FoNh_BBB-EwqfomPfZ3OxP8k&amp;code_challenge_method=S256\" target=\"_blank\" rel=\"noopener\">Polylino<\/a> begeistert mit \u00fcber <strong>1.500 Bilderb\u00fcchern in 70 Sprachen<\/strong> und macht Sprachf\u00f6rderung, Inklusion und kulturelle Vielfalt f\u00fcr alle Kinder erlebbar. Gemeinsam mit Sprach- und Literaturexperten entwickelt, unterst\u00fctzt Polylino die Sprachentwicklung \u2013 egal ob auf Deutsch, in der Muttersprache oder Geb\u00e4rdensprache.<\/span><\/p>\n<hr \/>\n<p><span style=\"font-size: 18px;\"><div class=\"magee-shortcode magee-promo-box  promo_box-j1nrne boxed\" id=\"\">\r\n                                        <div class=\"promo-info\">\r\n                                            <\/span><\/p>\n<div class=\"page\" title=\"Page 1\">\n<div class=\"section\">\n<div class=\"layoutArea\">\n<div class=\"column\">\n<p><span style=\"font-size: 24px; color: #ffc700;\"><strong>Das gr\u00f6\u00dfte Medienangebot f\u00fcr Kinder bis 12 Jahre in einer App.<\/strong><\/span><\/p>\n<\/div>\n<\/div>\n<\/div>\n<\/div>\n<p><span style=\"font-size: 18px;\">\r\n                                        <\/div>\t\t\t\t\t\t\t\t\r\n                                        <div class=\"promo-action promo-action-nomvpz\">\r\n                                            <a href=\"https:\/\/my.tiger.media\/login\" class=\"btn-normal btn-lg\">tigerbooks<\/a>\r\n                                        <\/div>\r\n                                    <\/div><\/span><\/p>\n<p><span style=\"font-size: 18px;\"><a href=\"https:\/\/my.tiger.media\/login\" target=\"_blank\" rel=\"noopener\">TigerBooks<\/a> ist <b>eine App mit \u00fcber 10.000 interaktiven B\u00fcchern, E-Books und H\u00f6rb\u00fcchern mit den tollsten Geschichten bekannter Kinderbuchverlage <\/b>f\u00fcr Kinder zwischen 2 und 12 Jahren.<\/span><\/p>\n<hr \/>\n<p><span style=\"font-size: 18px;\"><div class=\"magee-shortcode magee-promo-box  promo_box-w9yv05 boxed\" id=\"\">\r\n                                        <div class=\"promo-info\">\r\n                                            <\/span><\/p>\n<p><span style=\"font-size: 24px; color: #ffc700;\">\u00dcber <strong>200.000 <\/strong><b>Menschen <\/b>lesen jeden Monat RiffReporter, um die <b>Welt besser <\/b>zu<b> verstehen \u2013 bist Du dabei?<\/b><\/span><\/p>\n<p><span style=\"font-size: 18px;\">\r\n                                        <\/div>\t\t\t\t\t\t\t\t\r\n                                        <div class=\"promo-action promo-action-woy0ih\">\r\n                                            <a href=\"https:\/\/auth.bibliotheken-hessen.de\/authorize.php?response_type=code&#038;redirect_uri=https%3A%2F%2Fapi.polypublisher.com%2Foidc%2Fhessen&#038;client_id=riffreporter&#038;nonce=a7e36e04b33ae85e222a56356964d4cb&#038;state=a8303201521af028cd6d2fbf0fb43863&#038;scope=openid+openid\" class=\"btn-normal btn-lg\">RiffReporter<\/a>\r\n                                        <\/div>\r\n                                    <\/div><\/span><\/p>\n<p><span style=\"font-size: 18px;\"><a href=\"https:\/\/auth.bibliotheken-hessen.de\/authorize.php?response_type=code&amp;redirect_uri=https%3A%2F%2Fapi.polypublisher.com%2Foidc%2Fhessen&amp;client_id=riffreporter&amp;nonce=a7e36e04b33ae85e222a56356964d4cb&amp;state=a8303201521af028cd6d2fbf0fb43863&amp;scope=openid+openid\" target=\"_blank\" rel=\"noopener\">RiffReporter<\/a> ist das gemeinsame Portal von unabh\u00e4ngigen <span class=\"sprache\" lang=\"fr\" xml:lang=\"fr\">Journalist<\/span>innen und Journalisten. Die fundiert recherchierten Hintergrundartikel behandeln Themen aus <strong>Umwelt, Wissenschaft, Technologie, Gesellschaft und Weltgeschehen<\/strong>.<\/span><\/p>\n<hr \/>\n<p><span style=\"font-size: 18px;\"><div class=\"magee-shortcode magee-promo-box  promo_box-jpn0ga boxed\" id=\"\">\r\n                                        <div class=\"promo-info\">\r\n                                            <\/span><\/p>\n<p class=\"sc-dcJsrY sc-gsFSXq jsDSBr bMGeNQ m-small\"><span style=\"font-size: 24px; color: #ffc700;\"><strong>Sprach- und Lesef\u00f6rderung <\/strong>sowie spielerische Wissensvermittlung <strong>mit animierten Geschichten.<\/strong><\/span><\/p>\n<p><span style=\"font-size: 18px;\">\r\n                                        <\/div>\t\t\t\t\t\t\t\t\r\n                                        <div class=\"promo-action promo-action-1cvt2k\">\r\n                                            <a href=\"https:\/\/onilo.de\/login\" class=\"btn-normal btn-lg\">Onilo<\/a>\r\n                                        <\/div>\r\n                                    <\/div><\/span><\/p>\n<p><span style=\"font-size: 18px;\"><a href=\"https:\/\/onilo.de\/login\" target=\"_blank\" rel=\"noopener\">Onilo<\/a> \u2013 ein <strong>Portal mit einem zeitgem\u00e4\u00dfen, differenzierten Lernangebot rund um unsere interaktiven Boardstories<\/strong>, die aus beliebten Bilderb\u00fcchern und zu relevanten Themen wie Nachhaltigkeit kreiert werden. Erg\u00e4nzt werden diese durch p\u00e4dagogische Begleitmaterialien f\u00fcr den f\u00e4cher\u00fcbergreifenden Einsatz und sowohl f\u00fcr Deutsch als Zweitsprache als auch die sonderp\u00e4dagogische F\u00f6rderung.<\/span><\/p>\n<hr \/>\n<p><span style=\"font-size: 18px;\">Gerne erkl\u00e4ren wir Ihnen die jeweiligen <strong>Nutzungsm\u00f6glichkeiten<\/strong> und den Zugang in der B\u00fccherei vor Ort.<\/span><\/p>\n","protected":false},"excerpt":{"rendered":"<p>\u00dcber die Gemeindeb\u00fccherei k\u00f6nnen Sie neben der Onleihe auch folgende Angebote kostenfrei nutzen: Polylino begeistert mit \u00fcber 1.500 Bilderb\u00fcchern in 70 Sprachen und macht Sprachf\u00f6rderung, Inklusion und kulturelle Vielfalt f\u00fcr alle Kinder erlebbar. Gemeinsam mit Sprach- und Literaturexperten entwickelt, unterst\u00fctzt Polylino die Sprachentwicklung \u2013 egal ob auf Deutsch, in der Muttersprache oder Geb\u00e4rdensprache. TigerBooks ist eine App mit \u00fcber 10.000 interaktiven B\u00fcchern, E-Books und H\u00f6rb\u00fcchern mit den tollsten Geschichten bekannter Kinderbuchverlage f\u00fcr Kinder zwischen 2 und 12 Jahren. RiffReporter ist das gemeinsame Portal von unabh\u00e4ngigen Journalistinnen und Journalisten. Die fundiert recherchierten Hintergrundartikel behandeln Themen aus Umwelt, Wissenschaft, Technologie, Gesellschaft und Weltgeschehen. Onilo \u2013 ein Portal mit einem zeitgem\u00e4\u00dfen, differenzierten Lernangebot rund um unsere interaktiven Boardstories, die aus beliebten Bilderb\u00fcchern und zu relevanten Themen wie Nachhaltigkeit kreiert werden. Erg\u00e4nzt werden diese durch p\u00e4dagogische Begleitmaterialien f\u00fcr den f\u00e4cher\u00fcbergreifenden Einsatz und sowohl f\u00fcr Deutsch als Zweitsprache als auch die sonderp\u00e4dagogische F\u00f6rderung. Gerne erkl\u00e4ren wir Ihnen die jeweiligen Nutzungsm\u00f6glichkeiten und den Zugang in der B\u00fccherei vor Ort.<\/p>\n","protected":false},"author":1,"featured_media":0,"parent":0,"menu_order":0,"comment_status":"closed","ping_status":"closed","template":"","meta":{"footnotes":""},"class_list":["post-4480","page","type-page","status-publish","hentry"],"_links":{"self":[{"href":"https:\/\/winkler-grafixx.de\/index.php?rest_route=\/wp\/v2\/pages\/4480","targetHints":{"allow":["GET"]}}],"collection":[{"href":"https:\/\/winkler-grafixx.de\/index.php?rest_route=\/wp\/v2\/pages"}],"about":[{"href":"https:\/\/winkler-grafixx.de\/index.php?rest_route=\/wp\/v2\/types\/page"}],"author":[{"embeddable":true,"href":"https:\/\/winkler-grafixx.de\/index.php?rest_route=\/wp\/v2\/users\/1"}],"replies":[{"embeddable":true,"href":"https:\/\/winkler-grafixx.de\/index.php?rest_route=%2Fwp%2Fv2%2Fcomments&post=4480"}],"version-history":[{"count":4,"href":"https:\/\/winkler-grafixx.de\/index.php?rest_route=\/wp\/v2\/pages\/4480\/revisions"}],"predecessor-version":[{"id":5192,"href":"https:\/\/winkler-grafixx.de\/index.php?rest_route=\/wp\/v2\/pages\/4480\/revisions\/5192"}],"wp:attachment":[{"href":"https:\/\/winkler-grafixx.de\/index.php?rest_route=%2Fwp%2Fv2%2Fmedia&parent=4480"}],"curies":[{"name":"wp","href":"https:\/\/api.w.org\/{rel}","templated":true}]}}