{"id":4294,"date":"2024-09-12T16:31:28","date_gmt":"2024-09-12T14:31:28","guid":{"rendered":"https:\/\/kulturforum-kriftel.de\/?page_id=4294"},"modified":"2025-09-20T10:19:06","modified_gmt":"2025-09-20T08:19:06","slug":"tanztee","status":"publish","type":"page","link":"https:\/\/winkler-grafixx.de\/?page_id=4294","title":{"rendered":"Tanztee"},"content":{"rendered":"<div class=\"page\" title=\"Page 13\">\n<div class=\"layoutArea\">\n<div class=\"column\">\n<h3><div class=\" panel-q5yh1k magee-shortcode panel magee-panel\" id=\"\">\r\n                                        <div class=\"panel-heading\">\r\n                                            <h3 class=\"panel-title\">Tanztee<\/h3>\r\n                                        <\/div>\r\n                                        <div class=\"panel-body\">\r\n                                            Monika D\u00fcnte, Tel. 06192 41586<br \/>\n<a href=\"mailto:tanztee@kulturforum-kriftel.de\">tanztee@kulturforum-kriftel.de<\/a>\r\n                                        <\/div>\r\n                                    <\/div><\/h3>\n<\/div>\n<\/div>\n<\/div>\n<div class=\" divider magee-divider magee-shortcode divider-0oxm91 divider-border\" id=\"\"><div class=\"divider-inner divider-border\"><\/div><\/div>\n<p><img decoding=\"async\" class=\"size-medium wp-image-4384 alignleft lazyload\" data-src=\"https:\/\/kulturforum-kriftel.de\/wp-content\/uploads\/vecteezy_miniature-couple-romantically-dancing-with-a-bokeh_2135314-300x200.jpg\" alt=\"\" width=\"300\" height=\"200\" src=\"data:image\/svg+xml;base64,PHN2ZyB3aWR0aD0iMSIgaGVpZ2h0PSIxIiB4bWxucz0iaHR0cDovL3d3dy53My5vcmcvMjAwMC9zdmciPjwvc3ZnPg==\" style=\"--smush-placeholder-width: 300px; --smush-placeholder-aspect-ratio: 300\/200;\" \/><\/p>\n<p><span style=\"font-size: 20px; color: #000000;\">Die Termine im 2. Halbjahr 2025 sind <\/span><span style=\"font-size: 20px;\">der <span style=\"color: #999999;\">7. September<\/span>, der <strong>5. Oktober <\/strong>(&#8222;Oktoberfest&#8220;) <\/span><span style=\"font-size: 20px;\">sowie<\/span> <span style=\"font-size: 20px; color: #000000;\">der <strong>2. November<\/strong><\/span><span style=\"color: #000000; font-size: 14pt;\"><span style=\"font-size: 20px;\"><span style=\"color: #000000;\">.<br \/>\nJeweils von 16.00 bis 18.30 Uhr im Foyer des Rat- und B\u00fcrgerhauses [Frankfurter Stra\u00dfe]<\/span>.<\/span> \u00a0<\/span><\/p>\n<h4><span style=\"font-size: 20px;\">Sie k\u00f6nnen bei kalten Getr\u00e4nken sowie Kaffee und Geb\u00e4ck zu <strong>Live-Musik<\/strong> nach Herzenslust tanzen und plaudern.<\/span><\/h4>\n<h4><span style=\"font-size: 20px;\"><em>Der Eintritt betr\u00e4gt \u20ac 5,\u2013<\/em>.<\/span><\/h4>\n","protected":false},"excerpt":{"rendered":"<p>Die Termine im 2. Halbjahr 2025 sind der 7. September, der 5. Oktober (&#8222;Oktoberfest&#8220;) sowie der 2. November. Jeweils von 16.00 bis 18.30 Uhr im Foyer des Rat- und B\u00fcrgerhauses [Frankfurter Stra\u00dfe]. \u00a0 Sie k\u00f6nnen bei kalten Getr\u00e4nken sowie Kaffee und Geb\u00e4ck zu Live-Musik nach Herzenslust tanzen und plaudern. Der Eintritt betr\u00e4gt \u20ac 5,\u2013.<\/p>\n","protected":false},"author":1,"featured_media":0,"parent":0,"menu_order":0,"comment_status":"closed","ping_status":"closed","template":"","meta":{"footnotes":""},"class_list":["post-4294","page","type-page","status-publish","hentry"],"_links":{"self":[{"href":"https:\/\/winkler-grafixx.de\/index.php?rest_route=\/wp\/v2\/pages\/4294","targetHints":{"allow":["GET"]}}],"collection":[{"href":"https:\/\/winkler-grafixx.de\/index.php?rest_route=\/wp\/v2\/pages"}],"about":[{"href":"https:\/\/winkler-grafixx.de\/index.php?rest_route=\/wp\/v2\/types\/page"}],"author":[{"embeddable":true,"href":"https:\/\/winkler-grafixx.de\/index.php?rest_route=\/wp\/v2\/users\/1"}],"replies":[{"embeddable":true,"href":"https:\/\/winkler-grafixx.de\/index.php?rest_route=%2Fwp%2Fv2%2Fcomments&post=4294"}],"version-history":[{"count":4,"href":"https:\/\/winkler-grafixx.de\/index.php?rest_route=\/wp\/v2\/pages\/4294\/revisions"}],"predecessor-version":[{"id":5227,"href":"https:\/\/winkler-grafixx.de\/index.php?rest_route=\/wp\/v2\/pages\/4294\/revisions\/5227"}],"wp:attachment":[{"href":"https:\/\/winkler-grafixx.de\/index.php?rest_route=%2Fwp%2Fv2%2Fmedia&parent=4294"}],"curies":[{"name":"wp","href":"https:\/\/api.w.org\/{rel}","templated":true}]}}