{"id":2939,"date":"2022-05-02T17:20:28","date_gmt":"2022-05-02T15:20:28","guid":{"rendered":"https:\/\/kulturforum-kriftel.de\/?page_id=2939"},"modified":"2025-11-18T14:09:31","modified_gmt":"2025-11-18T12:09:31","slug":"aktuelles","status":"publish","type":"page","link":"https:\/\/winkler-grafixx.de\/?page_id=2939","title":{"rendered":"A<b>k]<\/b>tuelles"},"content":{"rendered":"<div class=\"magee-shortcode magee-promo-box  promo_box-sa6rbi\" id=\"\">\r\n                                        <div class=\"promo-info\">\r\n                                            Letzter Ver\u00f6ffentlichungsstand: Testversion 2025\r\n                                        <\/div>\t\t\t\t\t\t\t\t\r\n                                        <div class=\"promo-action promo-action-fzi7f4\">\r\n                                            <a href=\"#\" class=\"btn-normal btn-lg\">Veranstaltungshinweise und Allgemeine Bekanntgaben<\/a>\r\n                                        <\/div>\r\n                                    <\/div>\n<p><!--more--><\/p>\n<p><!--more--><\/p>\n<p><!--more--><\/p>\n<h6><strong><div class=\" divider magee-divider magee-shortcode divider-r2cn5m divider-border\" id=\"\"><div class=\"divider-inner divider-border\"><\/div><\/div><\/strong><\/h6>\n<h4><strong>Literaturkreise<\/strong><\/h4>\n<p>Der englische Literaturkreis trifft sich am <strong>Montag, 17. November<\/strong> um 20.00 Uhr in der B\u00fccherei am Bahnhof und spricht \u00fcber die Short Story <strong>\u201eSentiment\u201c<\/strong>\u00a0von Dorothy Parker.<\/p>\n<p>Der deutsche Literaturkreis trifft sich dort am <strong>Montag, 1. Dezember 2025<\/strong> um 20.00 Uhr und bespricht ein Buch, das noch bekannt gegeben wird.<\/p>\n<hr \/>\n<h4><strong>Museumsbesuch<\/strong><\/h4>\n<p>Im November wollen wir \u2013 als letzten Museumsbesuch in diesem Jahr \u2013 in die Kunsthalle Mannheim fahren, zur Ausstellung <strong>&#8222;KIRCHNER, LEHMBRUCK, NOLDE: <\/strong><strong>Geschichten des Expressionismus in Mannheim&#8220;<\/strong><\/p>\n<p><strong>Dienstag, 18. November 2025<br \/>\n<\/strong>Es wird eine 90-min\u00fctige F\u00fchrung durch die Ausstellung geben.<\/p>\n<p>Abfahrt ca. 10.30 Uhr S-Bahnhof Kriftel, R\u00fcckkehr ca. 17.30 bis 18.00 Uhr Kriftel.<br \/>\n<em>Kosten f\u00fcr Vollzahler ca. \u20ac 35,\u2013, mit Hessenticket ca. \u20ac 25,\u2013, mit D-Ticket nur Eintritt \u20ac 12,\u2013.<\/em> Informationen bei Herrn Werner Grundmann, E-Mail <a href=\"mailto:museum@kulturforum-kriftel.de\">museum@kulturforum-kriftel.de<\/a>,\u00a0Tel. 0174 1798896<\/p>\n<hr \/>\n<h4><strong>Vortrag im Rat- und B\u00fcrgerhaus<\/strong><\/h4>\n<p><strong>Der Senegal \u2013 ein Juwel Westafrikas\u00a0<\/strong><\/p>\n<p>Nicht nur farbenfrohe Bilder aus einem weithin unbekannten Entwicklungsland. Von Brigitte Suchanek.<\/p>\n<p>Brigitte Suchanek berichtet \u00fcber ein Land zwischen Tradition und Moderne. Bei einem Trommelkurs mit anschlie\u00dfender Rundreise gewann sie zahlreiche Erfahrungen mit der Bev\u00f6lkerung, der Kultur und der Natur des Landes.<\/p>\n<p><strong>Mittwoch, 19. November 2025<\/strong> \u2013 19.30 Uhr, <em>Eintritt frei!<\/em><\/p>\n<hr \/>\n<h4>Galerie im\u00a0B\u00fcrgerhaus<\/h4>\n<p><a href=\"http:\/\/winkler-grafixx.de\/wp-content\/uploads\/2025\/11\/Einladung-Die-Palette.pdf\">Einladung Die Palette<\/a><\/p>\n<hr \/>\n<h4><strong>Werden Sie Mitglied im Kulturforum<br \/>\n<\/strong><\/h4>\n<p>Das <strong>Kulturforum Kriftel<\/strong> ist ein gemeinn\u00fctziger Verein in der Gemeinde Kriftel, der sich der F\u00f6rderung von Kunst, Kultur und gesell\u00adschaftlichem Austausch widmet. Das Kulturforum Kriftel wird allein auf ehrenamtlicher Basis betrieben. Mit Ihrem Beitrag unterst\u00fctzen Sie den Verein bei der Umsetzung der vielf\u00e4ltigen Angebote, die Sie auf dieser Webseite finden. Weitere Details und eine Beitrittserkl\u00e4rung finden Sie hier: <a href=\"https:\/\/kulturforum-kriftel.de\/werden-sie-mitglied\/\">Werden Sie Mitglied!<\/a><\/p>\n<p>E-Mail <a href=\"mailto:info@kulturforum-kriftel.de\">info@kulturforum-kriftel.de<\/a><br \/>\nPlatz von Airaines 4 (Gemeindeb\u00fccherei) | 65830 Kriftel<\/p>\n<hr \/>\n<p><img decoding=\"async\" data-src=\"https:\/\/kulturforum-kriftel.de\/wp-content\/uploads\/bank-phrom-Tzm3Oyu_6sk-unsplash-1024x684.jpg\" alt=\"\" width=\"1024\" height=\"684\" src=\"data:image\/svg+xml;base64,PHN2ZyB3aWR0aD0iMSIgaGVpZ2h0PSIxIiB4bWxucz0iaHR0cDovL3d3dy53My5vcmcvMjAwMC9zdmciPjwvc3ZnPg==\" class=\"lazyload\" style=\"--smush-placeholder-width: 1024px; --smush-placeholder-aspect-ratio: 1024\/684;\" \/><\/p>\n","protected":false},"excerpt":{"rendered":"","protected":false},"author":1,"featured_media":0,"parent":0,"menu_order":0,"comment_status":"closed","ping_status":"closed","template":"","meta":{"footnotes":""},"class_list":["post-2939","page","type-page","status-publish","hentry"],"_links":{"self":[{"href":"https:\/\/winkler-grafixx.de\/index.php?rest_route=\/wp\/v2\/pages\/2939","targetHints":{"allow":["GET"]}}],"collection":[{"href":"https:\/\/winkler-grafixx.de\/index.php?rest_route=\/wp\/v2\/pages"}],"about":[{"href":"https:\/\/winkler-grafixx.de\/index.php?rest_route=\/wp\/v2\/types\/page"}],"author":[{"embeddable":true,"href":"https:\/\/winkler-grafixx.de\/index.php?rest_route=\/wp\/v2\/users\/1"}],"replies":[{"embeddable":true,"href":"https:\/\/winkler-grafixx.de\/index.php?rest_route=%2Fwp%2Fv2%2Fcomments&post=2939"}],"version-history":[{"count":12,"href":"https:\/\/winkler-grafixx.de\/index.php?rest_route=\/wp\/v2\/pages\/2939\/revisions"}],"predecessor-version":[{"id":5256,"href":"https:\/\/winkler-grafixx.de\/index.php?rest_route=\/wp\/v2\/pages\/2939\/revisions\/5256"}],"wp:attachment":[{"href":"https:\/\/winkler-grafixx.de\/index.php?rest_route=%2Fwp%2Fv2%2Fmedia&parent=2939"}],"curies":[{"name":"wp","href":"https:\/\/api.w.org\/{rel}","templated":true}]}}