{"id":2762,"date":"2022-01-31T17:10:39","date_gmt":"2022-01-31T16:10:39","guid":{"rendered":"https:\/\/kulturforum-kriftel.de\/?page_id=2762"},"modified":"2025-09-03T14:21:18","modified_gmt":"2025-09-03T12:21:18","slug":"das-mfk","status":"publish","type":"page","link":"https:\/\/winkler-grafixx.de\/?page_id=2762","title":{"rendered":"Das MfK. Musikforum Kriftel"},"content":{"rendered":"<h3><div class=\" panel-fp3npa magee-shortcode panel magee-panel\" id=\"\">\r\n                                        <div class=\"panel-heading\">\r\n                                            <h3 class=\"panel-title\">Das MfK. Musikforum Kriftel<\/h3>\r\n                                        <\/div>\r\n                                        <div class=\"panel-body\">\r\n                                            Dietmar Vollmert, Tel. 06192 45977<br \/>\n<a href=\"mailto:musikforum@kulturforum-kriftel.de\">musikforum@kulturforum-kriftel.de<\/a>\r\n                                        <\/div>\r\n                                    <\/div><\/h3>\n<p><img decoding=\"async\" class=\"wp-image-4286 size-medium alignnone lazyload\" data-src=\"http:\/\/winkler-grafixx.de\/wp-content\/uploads\/2024\/09\/Zeichenflaeche-1-e1726065486374-300x141.png\" alt=\"\" width=\"300\" height=\"141\" data-srcset=\"https:\/\/winkler-grafixx.de\/wp-content\/uploads\/2024\/09\/Zeichenflaeche-1-e1726065486374-300x141.png 300w, https:\/\/winkler-grafixx.de\/wp-content\/uploads\/2024\/09\/Zeichenflaeche-1-e1726065486374.png 357w\" data-sizes=\"(max-width: 300px) 100vw, 300px\" src=\"data:image\/svg+xml;base64,PHN2ZyB3aWR0aD0iMSIgaGVpZ2h0PSIxIiB4bWxucz0iaHR0cDovL3d3dy53My5vcmcvMjAwMC9zdmciPjwvc3ZnPg==\" style=\"--smush-placeholder-width: 300px; --smush-placeholder-aspect-ratio: 300\/141;\" \/><\/p>\n<div class=\" divider magee-divider magee-shortcode divider-951hlj divider-border\" id=\"\"><div class=\"divider-inner divider-border\"><\/div><\/div>\n<p><span style=\"font-size: 14pt;\">In der Gemeinde Kriftel gab es schon lange eine beachtliche <strong>Tradition musikalischer Aktivit\u00e4ten<\/strong>. Der Gesangverein Liederkranz Kriftel, der \u00e4lteste Verein in unserer Gemeinde, hat als Erster die Mitb\u00fcrger durch Konzerte erfreut und eine gro\u00dfe Zahl junger und \u00e4lterer M\u00e4nner f\u00fcr aktives Musizieren, Singen in einer Chorgemeinschaft, zu begeistern vermocht. Konzerte des M\u00e4nnerchores, inzwischen auch des Frauenchores und Quintessenz, geh\u00f6ren seit \u00fcber einhundert Jahren zum kulturellen Leben in Kriftel. Andere Institutionen entwickelten ebenfalls musikalischen Ehrgeiz. Die katholische Kirchengemeinde eroberte mit <strong><a href=\"http:\/\/www.vitusundcaecilia.de\" target=\"_blank\" rel=\"noopener noreferrer\">&#8222;Vitus und Caecilia&#8220;<\/a><\/strong> eine ebenfalls enorme Zuh\u00f6rerschaft mit ihren Konzerten, die Chor, Orgel und Orchester vereinen. Ebenso tr\u00e4gt die Evangelische Auferstehungsgemeinde Kriftel seit vielen Jahren mit musikalischen Veranstaltungen teilweise sehr unterschiedlicher Art zur Belebung der Musikszene in Kriftel bei. Und nicht zuletzt erg\u00e4nzt die Musikschule Kriftel des Kulturforums das musikalische Leben mit beachtlichen \u00f6ffentlichen Kostproben ihres Schaffens; Musiklehrer sowie Musiksch\u00fcler sind in der Lage, viele Zuh\u00f6rer zu begeistern.<\/span><\/p>\n<p><span style=\"font-size: 14pt;\">1986 trat der Gemeindevorstand der Gemeinde Kriftel an den <strong>Bund f\u00fcr Volksbildung (BfV)<\/strong> \u2013 heute das Kulturforum Kriftel \u2013 heran mit dem Auftrag, das inzwischen reichhaltige musikalische Angebot hier in Kriftel zu koordinieren, d.h. die Konzerte inhaltlich, zeitlich und auch finanziell auf einander abzustimmen. Der damalige stellvertretende Vorsitzende des BfV, Johann Georg Schr\u00f6der, \u00fcbernahm die Aufgabe und rief das <strong><a href=\"http:\/\/www.musikforum-kriftel.de\" target=\"_blank\" rel=\"noopener noreferrer\">Musikforum Kriftel<\/a><\/strong> ins Leben. Neben Konzerten der Krifteler Musizierenden wurde gelegentlich auch fremden Ensembles die M\u00f6glichkeit von Auftritten einger\u00e4umt, was sehr zur Vielseitigkeit des Musiklebens beitrug.<\/span><\/p>\n<p><span style=\"font-size: 14pt;\">1994, als Schr\u00f6der den Vorsitz des BfV \u00fcbernahm, wurde Dietmar Vollmert als sein Nachfolger gewonnen. Unter seiner Leitung wurde das MfK auch selbst zu einem Veranstalter. Nicht mehr wegzudenken sind die Konzerte verschiedenener K\u00fcnstler und K\u00fcnstlergruppen im Rahmen des Krifteler Adventsmarktes.<\/span><\/p>\n<h1><span class=\"magee-shortcode magee-highlight\" style=\"border-radius:4px;background-color:#1295d8;color:#ffffff;\"><span style=\"font-size: 20px;\">Wir bringen die Musik nach Kriftel.<\/span><\/span><\/h1>\n","protected":false},"excerpt":{"rendered":"<p>In der Gemeinde Kriftel gab es schon lange eine beachtliche Tradition musikalischer Aktivit\u00e4ten. Der Gesangverein Liederkranz Kriftel, der \u00e4lteste Verein in unserer Gemeinde, hat als Erster die Mitb\u00fcrger durch Konzerte erfreut und eine gro\u00dfe Zahl junger und \u00e4lterer M\u00e4nner f\u00fcr aktives Musizieren, Singen in einer Chorgemeinschaft, zu begeistern vermocht. Konzerte des M\u00e4nnerchores, inzwischen auch des Frauenchores und Quintessenz, geh\u00f6ren seit \u00fcber einhundert Jahren zum kulturellen Leben in Kriftel. Andere Institutionen entwickelten ebenfalls musikalischen Ehrgeiz. Die katholische Kirchengemeinde eroberte mit &#8222;Vitus und Caecilia&#8220; eine ebenfalls enorme Zuh\u00f6rerschaft mit ihren Konzerten, die Chor, Orgel und Orchester vereinen. Ebenso tr\u00e4gt die Evangelische Auferstehungsgemeinde Kriftel seit vielen Jahren mit musikalischen Veranstaltungen teilweise sehr unterschiedlicher Art zur Belebung der Musikszene in Kriftel bei. Und nicht zuletzt erg\u00e4nzt die Musikschule Kriftel des Kulturforums das musikalische Leben mit beachtlichen \u00f6ffentlichen Kostproben ihres Schaffens; Musiklehrer sowie Musiksch\u00fcler sind in der Lage, viele Zuh\u00f6rer zu begeistern. 1986 trat der Gemeindevorstand der Gemeinde Kriftel an den Bund f\u00fcr Volksbildung (BfV) \u2013 heute das Kulturforum Kriftel \u2013 heran mit dem Auftrag, das inzwischen reichhaltige musikalische Angebot hier in Kriftel zu koordinieren, d.h. die Konzerte inhaltlich, zeitlich und auch finanziell auf einander abzustimmen. Der damalige stellvertretende Vorsitzende des BfV, Johann Georg Schr\u00f6der, \u00fcbernahm die Aufgabe und rief das Musikforum Kriftel ins Leben. Neben Konzerten der Krifteler Musizierenden wurde gelegentlich auch fremden Ensembles die M\u00f6glichkeit von Auftritten einger\u00e4umt, was sehr zur Vielseitigkeit des Musiklebens beitrug. 1994, als Schr\u00f6der den Vorsitz des BfV \u00fcbernahm, wurde Dietmar Vollmert als sein Nachfolger gewonnen. Unter seiner Leitung wurde das MfK auch selbst zu einem Veranstalter. Nicht mehr wegzudenken sind die Konzerte verschiedenener K\u00fcnstler und K\u00fcnstlergruppen im Rahmen des Krifteler Adventsmarktes.<\/p>\n","protected":false},"author":1,"featured_media":0,"parent":0,"menu_order":0,"comment_status":"closed","ping_status":"closed","template":"","meta":{"footnotes":""},"class_list":["post-2762","page","type-page","status-publish","hentry"],"_links":{"self":[{"href":"https:\/\/winkler-grafixx.de\/index.php?rest_route=\/wp\/v2\/pages\/2762","targetHints":{"allow":["GET"]}}],"collection":[{"href":"https:\/\/winkler-grafixx.de\/index.php?rest_route=\/wp\/v2\/pages"}],"about":[{"href":"https:\/\/winkler-grafixx.de\/index.php?rest_route=\/wp\/v2\/types\/page"}],"author":[{"embeddable":true,"href":"https:\/\/winkler-grafixx.de\/index.php?rest_route=\/wp\/v2\/users\/1"}],"replies":[{"embeddable":true,"href":"https:\/\/winkler-grafixx.de\/index.php?rest_route=%2Fwp%2Fv2%2Fcomments&post=2762"}],"version-history":[{"count":3,"href":"https:\/\/winkler-grafixx.de\/index.php?rest_route=\/wp\/v2\/pages\/2762\/revisions"}],"predecessor-version":[{"id":5189,"href":"https:\/\/winkler-grafixx.de\/index.php?rest_route=\/wp\/v2\/pages\/2762\/revisions\/5189"}],"wp:attachment":[{"href":"https:\/\/winkler-grafixx.de\/index.php?rest_route=%2Fwp%2Fv2%2Fmedia&parent=2762"}],"curies":[{"name":"wp","href":"https:\/\/api.w.org\/{rel}","templated":true}]}}