{"id":242,"date":"2018-12-03T15:32:31","date_gmt":"2018-12-03T14:32:31","guid":{"rendered":"http:\/\/kulturforum-kriftel.de\/?page_id=242"},"modified":"2025-08-18T17:38:25","modified_gmt":"2025-08-18T15:38:25","slug":"vortraege","status":"publish","type":"page","link":"https:\/\/winkler-grafixx.de\/?page_id=242","title":{"rendered":"Vortr\u00e4ge"},"content":{"rendered":"<h3><div class=\" panel-hxuvb9 magee-shortcode panel magee-panel\" id=\"\">\r\n                                        <div class=\"panel-heading\">\r\n                                            <h3 class=\"panel-title\">Vortr\u00e4ge<\/h3>\r\n                                        <\/div>\r\n                                        <div class=\"panel-body\">\r\n                                            Gabriele Baukolt, Tel. 06192 42770,<br \/>\nRuth Kugelstadt-Braun, Tel. 0175 6200211<br \/>\n<a href=\"mailto:vortraege@kulturforum-kriftel.de\">vortraege@kulturforum-kriftel.de<\/a>\r\n                                        <\/div>\r\n                                    <\/div><\/h3>\n<h3><strong><div class=\" divider magee-divider magee-shortcode divider-3znleg divider-border\" id=\"\"><div class=\"divider-inner divider-border\"><\/div><\/div><\/strong><\/h3>\n<div class=\"page\" title=\"Page 8\">\n<div class=\"layoutArea\">\n<div class=\"column\">\n<div class=\"page\" title=\"Page 8\">\n<div class=\"section\">\n<div class=\"layoutArea\">\n<blockquote><p>Interessierte B\u00fcrger werden durch die \u00f6rtliche und regionale Presse sowie durch Plakataushang rechtzeitig an alle stattfindenden Veranstaltungen erinnert. Wenn nichts anderes angegeben ist, finden die Vortr\u00e4ge im Rat- und B\u00fcrgerhaus [Frankfurter Stra\u00dfe 33-37] statt und <em>der Besuch der Vortr\u00e4ge ist kostenlos<\/em>.<\/p><\/blockquote>\n<h3><strong><div class=\" divider magee-divider magee-shortcode divider-bovmlu divider-border\" id=\"\"><div class=\"divider-inner divider-border\"><\/div><\/div><\/strong><\/h3>\n<h4><strong>Taiwan gestern und heute. Und morgen?<\/strong><\/h4>\n<p>Erlebnisse und Ausblicke aus acht Jahren Leben vor Ort. Ein illustrierter Bericht von Ute B\u00fcser<\/p>\n<p><strong>Mittwoch, 10. September 2025<\/strong><\/p>\n<hr \/>\n<h4><strong>Hallo Pilz! Bist Du lecker oder bringst Du mich um?<\/strong><\/h4>\n<p>Wissenswertes rund um das Sammeln unserer Waldpilze. Illustrierter Vortrag von Cathrina Keller<\/p>\n<p><strong>Mittwoch, 24. September 2025<\/strong><\/p>\n<hr \/>\n<h4><strong>Laos, Kambodscha, Vietnam<\/strong><\/h4>\n<p>Pr\u00e4sentation einer spannenden S\u00fcdostasien-Radtour von Josef R\u00f6se<\/p>\n<p><strong>Mittwoch, 8. Oktober 2025<\/strong><\/p>\n<hr \/>\n<h4><strong>Zum Nordkap mit dem Wohnmobil<\/strong><\/h4>\n<p>via Minsk, Moskau, Murmansk. Der lang erwartete neue Reisefilm von Erika und Werner Mitsch<\/p>\n<p><strong>Mittwoch, 22. Oktober 2025<\/strong><\/p>\n<hr \/>\n<h4><strong>100 Jahre Fraport \u2013 Teil 2<\/strong><\/h4>\n<p><strong>Wer hat&#8217;s erfunden? Oder: Konnten Gep\u00e4cktr\u00e4ger und Gep\u00e4ckwagen je Freunde werden?<\/strong><\/p>\n<p>Kein todernster Vortrag von Markus Gro\u00dfbach<\/p>\n<p><strong>Mittwoch, 5. November 2025<\/strong><\/p>\n<hr \/>\n<h4><strong>Der Senegal \u2013 Ein Juwel Westafrikas<\/strong><\/h4>\n<p>Nicht nur farbenfrohe Bilder aus einem weithin unbekannten Entwicklungsland. Von Brigitte Suchanek<\/p>\n<p><strong>Mittwoch, 19. November 2025<\/strong><\/p>\n<\/div>\n<\/div>\n<\/div>\n<\/div>\n<\/div>\n<\/div>\n","protected":false},"excerpt":{"rendered":"<p>Interessierte B\u00fcrger werden durch die \u00f6rtliche und regionale Presse sowie durch Plakataushang rechtzeitig an alle stattfindenden Veranstaltungen erinnert. Wenn nichts anderes angegeben ist, finden die Vortr\u00e4ge im Rat- und B\u00fcrgerhaus [Frankfurter Stra\u00dfe 33-37] statt und der Besuch der Vortr\u00e4ge ist kostenlos. Taiwan gestern und heute. Und morgen? Erlebnisse und Ausblicke aus acht Jahren Leben vor Ort. Ein illustrierter Bericht von Ute B\u00fcser Mittwoch, 10. September 2025 Hallo Pilz! Bist Du lecker oder bringst Du mich um? Wissenswertes rund um das Sammeln unserer Waldpilze. Illustrierter Vortrag von Cathrina Keller Mittwoch, 24. September 2025 Laos, Kambodscha, Vietnam Pr\u00e4sentation einer spannenden S\u00fcdostasien-Radtour von Josef R\u00f6se Mittwoch, 8. Oktober 2025 Zum Nordkap mit dem Wohnmobil via Minsk, Moskau, Murmansk. Der lang erwartete neue Reisefilm von Erika und Werner Mitsch Mittwoch, 22. Oktober 2025 100 Jahre Fraport \u2013 Teil 2 Wer hat&#8217;s erfunden? Oder: Konnten Gep\u00e4cktr\u00e4ger und Gep\u00e4ckwagen je Freunde werden? Kein todernster Vortrag von Markus Gro\u00dfbach Mittwoch, 5. November 2025 Der Senegal \u2013 Ein Juwel Westafrikas Nicht nur farbenfrohe Bilder aus einem weithin unbekannten Entwicklungsland. Von Brigitte Suchanek Mittwoch, 19. November 2025<\/p>\n","protected":false},"author":1,"featured_media":0,"parent":4812,"menu_order":0,"comment_status":"closed","ping_status":"closed","template":"","meta":{"footnotes":""},"class_list":["post-242","page","type-page","status-publish","hentry"],"_links":{"self":[{"href":"https:\/\/winkler-grafixx.de\/index.php?rest_route=\/wp\/v2\/pages\/242","targetHints":{"allow":["GET"]}}],"collection":[{"href":"https:\/\/winkler-grafixx.de\/index.php?rest_route=\/wp\/v2\/pages"}],"about":[{"href":"https:\/\/winkler-grafixx.de\/index.php?rest_route=\/wp\/v2\/types\/page"}],"author":[{"embeddable":true,"href":"https:\/\/winkler-grafixx.de\/index.php?rest_route=\/wp\/v2\/users\/1"}],"replies":[{"embeddable":true,"href":"https:\/\/winkler-grafixx.de\/index.php?rest_route=%2Fwp%2Fv2%2Fcomments&post=242"}],"version-history":[{"count":1,"href":"https:\/\/winkler-grafixx.de\/index.php?rest_route=\/wp\/v2\/pages\/242\/revisions"}],"predecessor-version":[{"id":5077,"href":"https:\/\/winkler-grafixx.de\/index.php?rest_route=\/wp\/v2\/pages\/242\/revisions\/5077"}],"up":[{"embeddable":true,"href":"https:\/\/winkler-grafixx.de\/index.php?rest_route=\/wp\/v2\/pages\/4812"}],"wp:attachment":[{"href":"https:\/\/winkler-grafixx.de\/index.php?rest_route=%2Fwp%2Fv2%2Fmedia&parent=242"}],"curies":[{"name":"wp","href":"https:\/\/api.w.org\/{rel}","templated":true}]}}