{"id":233,"date":"2018-12-03T15:24:18","date_gmt":"2018-12-03T14:24:18","guid":{"rendered":"http:\/\/kulturforum-kriftel.de\/?page_id=233"},"modified":"2025-09-12T12:51:20","modified_gmt":"2025-09-12T10:51:20","slug":"musikschule","status":"publish","type":"page","link":"https:\/\/winkler-grafixx.de\/?page_id=233","title":{"rendered":"Musikschule"},"content":{"rendered":"<h3><div class=\" panel-yqy4qa magee-shortcode panel magee-panel\" id=\"\">\r\n                                        <div class=\"panel-heading\">\r\n                                            <h3 class=\"panel-title\">Musikschule Kriftel<\/h3>\r\n                                        <\/div>\r\n                                        <div class=\"panel-body\">\r\n                                            Thorsten M\u00fcller, Musikschul-Organisator, Tel. 0151 42828711<br \/>\n<a href=\"mailto:info@musikschule-kriftel.de\">info@musikschule-kriftel.de<\/a><\/h3>\n<h3><span style=\"color: #ff6c2f;\"><strong><a style=\"color: #ff6c2f;\" href=\"http:\/\/www.musikschule-kriftel.de\">www.musikschule-kriftel.de<\/a><\/strong><\/span><\/h3>\n<h3><div class=\" divider magee-divider magee-shortcode divider-huvsy5 divider-border\" id=\"\"><div class=\"divider-inner divider-border\"><\/div><\/div><\/h3>\n<p><span style=\"color: #000000; font-size: large;\">Die Musikschule Kriftel vermittelt <\/span><strong style=\"color: #000000; font-size: 14pt;\">Einzel- und Gruppenunterricht<\/strong><span style=\"color: #000000; font-size: large;\"> bei qualifizierten Musiklehrerinnen und Musiklehrern in den F\u00e4chern <\/span><strong style=\"color: #000000; font-size: 14pt;\">Blockfl\u00f6te, Fagott, Gesang, Gitarre, Keyboard, Klarinette, Klavier, <\/strong><strong style=\"color: #000000; font-size: 14pt;\">\u00a0Querfl\u00f6te, Saxophon, Schlagzeug, Trompete und <\/strong><span style=\"color: #000000; font-size: large;\"><span style=\"caret-color: #000000;\"><b>Violine\/Viola<\/b><\/span>.<\/span><br \/>\n<span style=\"font-size: 14pt; color: #000000;\">Der Unterricht findet \u2013 von Ausnahmen abgesehen \u2013 als Pr\u00e4senzunterricht in den R\u00e4umen der Krifteler Weingartenschule statt. Die Unterrichtsdauer kann frei gew\u00e4hlt werden: 30 Minuten, 45 Minuten oder mehr. <strong>Ein Einstieg ist jederzeit m\u00f6glich.<\/strong><\/span><\/p>\n<p><img decoding=\"async\" class=\"wp-image-4728 size-medium alignnone lazyload\" data-src=\"http:\/\/winkler-grafixx.de\/wp-content\/uploads\/2025\/02\/Musikschule_WVM-300x106.png\" alt=\"\" width=\"300\" height=\"106\" data-srcset=\"https:\/\/winkler-grafixx.de\/wp-content\/uploads\/2025\/02\/Musikschule_WVM-300x106.png 300w, https:\/\/winkler-grafixx.de\/wp-content\/uploads\/2025\/02\/Musikschule_WVM.png 419w\" data-sizes=\"(max-width: 300px) 100vw, 300px\" src=\"data:image\/svg+xml;base64,PHN2ZyB3aWR0aD0iMSIgaGVpZ2h0PSIxIiB4bWxucz0iaHR0cDovL3d3dy53My5vcmcvMjAwMC9zdmciPjwvc3ZnPg==\" style=\"--smush-placeholder-width: 300px; --smush-placeholder-aspect-ratio: 300\/106;\" \/><\/p>\n<p><span style=\"font-size: 14pt; color: #000000;\">Mehr Informationen zur Musikschule auf deren eigener Seite unter <strong><a href=\"http:\/\/www.musikschule-kriftel.de\" target=\"_blank\" rel=\"noopener\">www.musikschule-kriftel.de<\/a><\/strong>. <\/span><span style=\"font-size: 14pt; color: #000000;\">Bei Fragen k\u00f6nnen Sie sich gerne an die oben angegebene Mailadresse wenden.<\/span><\/p>\n<hr \/>\n<p><span style=\"font-size: 14pt; color: #000000;\">Ein weiteres musikalisches Angebot ist die <strong>Musikalische Fr\u00fcherziehung<\/strong>, Ausk\u00fcnfte hierzu erteilt gerne Frau Mara Detering, Tel. 06192 910177 oder <span style=\"color: #999999;\"><a style=\"color: #999999;\" href=\"mailto:musikalischefrueherziehung@kulturforum-kriftel.de\">frueherziehung@musikschule-kriftel.de<\/a><\/span>.<\/span><\/p>\n<h3>\r\n                                        <\/div>\r\n                                    <\/div><\/h3>\n","protected":false},"excerpt":{"rendered":"","protected":false},"author":1,"featured_media":0,"parent":4811,"menu_order":0,"comment_status":"closed","ping_status":"closed","template":"","meta":{"footnotes":""},"class_list":["post-233","page","type-page","status-publish","hentry"],"_links":{"self":[{"href":"https:\/\/winkler-grafixx.de\/index.php?rest_route=\/wp\/v2\/pages\/233","targetHints":{"allow":["GET"]}}],"collection":[{"href":"https:\/\/winkler-grafixx.de\/index.php?rest_route=\/wp\/v2\/pages"}],"about":[{"href":"https:\/\/winkler-grafixx.de\/index.php?rest_route=\/wp\/v2\/types\/page"}],"author":[{"embeddable":true,"href":"https:\/\/winkler-grafixx.de\/index.php?rest_route=\/wp\/v2\/users\/1"}],"replies":[{"embeddable":true,"href":"https:\/\/winkler-grafixx.de\/index.php?rest_route=%2Fwp%2Fv2%2Fcomments&post=233"}],"version-history":[{"count":6,"href":"https:\/\/winkler-grafixx.de\/index.php?rest_route=\/wp\/v2\/pages\/233\/revisions"}],"predecessor-version":[{"id":5218,"href":"https:\/\/winkler-grafixx.de\/index.php?rest_route=\/wp\/v2\/pages\/233\/revisions\/5218"}],"up":[{"embeddable":true,"href":"https:\/\/winkler-grafixx.de\/index.php?rest_route=\/wp\/v2\/pages\/4811"}],"wp:attachment":[{"href":"https:\/\/winkler-grafixx.de\/index.php?rest_route=%2Fwp%2Fv2%2Fmedia&parent=233"}],"curies":[{"name":"wp","href":"https:\/\/api.w.org\/{rel}","templated":true}]}}