{"id":2253,"date":"2021-04-14T12:27:30","date_gmt":"2021-04-14T10:27:30","guid":{"rendered":"https:\/\/kulturforum-kriftel.de\/?page_id=2253"},"modified":"2021-04-14T12:27:30","modified_gmt":"2021-04-14T10:27:30","slug":"2253-2","status":"publish","type":"page","link":"https:\/\/winkler-grafixx.de\/?page_id=2253","title":{"rendered":"Wir sagen Dan<b>k]<\/b>e!"},"content":{"rendered":"<h2><strong>Wir bedanken uns bei der\u00a0Gemeinde Kriftel<\/strong><br \/>\nf\u00fcr ihre regelm\u00e4\u00dfige Unterst\u00fctzung<br \/>\nim Rahmen\u00a0der Vereinsf\u00f6rderung!<\/h2>\n<h2><img decoding=\"async\" class=\"size-medium wp-image-2300 alignleft lazyload\" data-src=\"https:\/\/kulturforum-kriftel.de\/wp-content\/uploads\/kriftel_logo_4c_bessere-Aufloesung-300x195.jpg\" alt=\"\" width=\"300\" height=\"195\" src=\"data:image\/svg+xml;base64,PHN2ZyB3aWR0aD0iMSIgaGVpZ2h0PSIxIiB4bWxucz0iaHR0cDovL3d3dy53My5vcmcvMjAwMC9zdmciPjwvc3ZnPg==\" style=\"--smush-placeholder-width: 300px; --smush-placeholder-aspect-ratio: 300\/195;\" \/><\/h2>\n<h2><\/h2>\n<h2><\/h2>\n<h2><\/h2>\n<h2><\/h2>\n<h2><\/h2>\n<hr \/>\n<h2><strong>Wir bedanken uns bei der Mainova<br \/>\n<\/strong>f\u00fcr die gro\u00dfz\u00fcgige Unterst\u00fctzung<br \/>\nunserer <strong>k]<\/strong>ulturellen Aktivit\u00e4ten!<\/h2>\n<p><img decoding=\"async\" class=\"alignleft size-medium wp-image-2233 lazyload\" data-src=\"https:\/\/kulturforum-kriftel.de\/wp-content\/uploads\/MNV_mainova_PMS_pos-1-300x83.jpg\" alt=\"\" width=\"300\" height=\"83\" src=\"data:image\/svg+xml;base64,PHN2ZyB3aWR0aD0iMSIgaGVpZ2h0PSIxIiB4bWxucz0iaHR0cDovL3d3dy53My5vcmcvMjAwMC9zdmciPjwvc3ZnPg==\" style=\"--smush-placeholder-width: 300px; --smush-placeholder-aspect-ratio: 300\/83;\" \/><\/p>\n<h2><\/h2>\n<h2><\/h2>\n<h2><\/h2>\n<hr \/>\n<h2><strong>Wir bedanken uns bei der\u00a0Taunus-Sparkasse<\/strong><br \/>\nf\u00fcr ihre Unterst\u00fctzung!<\/h2>\n<p><img decoding=\"async\" class=\"alignleft size-medium wp-image-2308 lazyload\" data-src=\"https:\/\/kulturforum-kriftel.de\/wp-content\/uploads\/TSK_Logo_2016_4c_Zweizeiler-ohne-Claim_SD-768x363-1-300x142.jpg\" alt=\"\" width=\"300\" height=\"142\" src=\"data:image\/svg+xml;base64,PHN2ZyB3aWR0aD0iMSIgaGVpZ2h0PSIxIiB4bWxucz0iaHR0cDovL3d3dy53My5vcmcvMjAwMC9zdmciPjwvc3ZnPg==\" style=\"--smush-placeholder-width: 300px; --smush-placeholder-aspect-ratio: 300\/142;\" \/><\/p>\n<p>&nbsp;<\/p>\n","protected":false},"excerpt":{"rendered":"<p>Wir bedanken uns bei der\u00a0Gemeinde Kriftel f\u00fcr ihre regelm\u00e4\u00dfige Unterst\u00fctzung im Rahmen\u00a0der Vereinsf\u00f6rderung! Wir bedanken uns bei der Mainova f\u00fcr die gro\u00dfz\u00fcgige Unterst\u00fctzung unserer k]ulturellen Aktivit\u00e4ten! Wir bedanken uns bei der\u00a0Taunus-Sparkasse f\u00fcr ihre Unterst\u00fctzung! &nbsp;<\/p>\n","protected":false},"author":1,"featured_media":0,"parent":0,"menu_order":0,"comment_status":"closed","ping_status":"closed","template":"","meta":{"footnotes":""},"class_list":["post-2253","page","type-page","status-publish","hentry"],"_links":{"self":[{"href":"https:\/\/winkler-grafixx.de\/index.php?rest_route=\/wp\/v2\/pages\/2253","targetHints":{"allow":["GET"]}}],"collection":[{"href":"https:\/\/winkler-grafixx.de\/index.php?rest_route=\/wp\/v2\/pages"}],"about":[{"href":"https:\/\/winkler-grafixx.de\/index.php?rest_route=\/wp\/v2\/types\/page"}],"author":[{"embeddable":true,"href":"https:\/\/winkler-grafixx.de\/index.php?rest_route=\/wp\/v2\/users\/1"}],"replies":[{"embeddable":true,"href":"https:\/\/winkler-grafixx.de\/index.php?rest_route=%2Fwp%2Fv2%2Fcomments&post=2253"}],"version-history":[{"count":0,"href":"https:\/\/winkler-grafixx.de\/index.php?rest_route=\/wp\/v2\/pages\/2253\/revisions"}],"wp:attachment":[{"href":"https:\/\/winkler-grafixx.de\/index.php?rest_route=%2Fwp%2Fv2%2Fmedia&parent=2253"}],"curies":[{"name":"wp","href":"https:\/\/api.w.org\/{rel}","templated":true}]}}